{"id":45,"date":"2026-05-15T20:36:18","date_gmt":"2026-05-15T17:36:18","guid":{"rendered":"https:\/\/aeroq-ndt.ro\/?page_id=45"},"modified":"2026-05-16T20:40:54","modified_gmt":"2026-05-16T17:40:54","slug":"echipa","status":"publish","type":"page","link":"https:\/\/aeroq-ndt.ro\/en\/echipa\/","title":{"rendered":"Echipa"},"content":{"rendered":"<p><\/p>\n\n\n\n<div class=\"wp-block-uagb-container uagb-block-d66248a4 alignwide uagb-is-root-container\">\n<div class=\"wp-block-uagb-container uagb-block-f556a282\">\n<figure class=\"wp-block-image size-full\"><img loading=\"lazy\" decoding=\"async\" width=\"1024\" height=\"768\" src=\"https:\/\/aeroq-ndt.ro\/wp-content\/uploads\/2026\/05\/Anca.jpg\" alt=\"\" class=\"wp-image-277\" style=\"aspect-ratio:3\/4;object-fit:cover\" srcset=\"https:\/\/aeroq-ndt.ro\/wp-content\/uploads\/2026\/05\/Anca.jpg 1024w, https:\/\/aeroq-ndt.ro\/wp-content\/uploads\/2026\/05\/Anca-300x225.jpg 300w, https:\/\/aeroq-ndt.ro\/wp-content\/uploads\/2026\/05\/Anca-768x576.jpg 768w\" sizes=\"auto, (max-width: 1024px) 100vw, 1024px\" \/><\/figure>\n<\/div>\n\n\n\n<div class=\"wp-block-uagb-container uagb-block-ceb9a708\">\n<h2 class=\"wp-block-heading\">Anca Cojocaru<\/h2>\n\n\n\n<div class=\"wp-block-uagb-advanced-heading uagb-block-56db9184\"><h4 class=\"uagb-heading-text\">Director Executiv<\/h4><\/div>\n\n\n\n<p style=\"margin-top:20px;margin-bottom:20px\">Anca este Director Executiv din 2015 \u0219i Nivel 3 Responsabil al companiei. Este inginer de construc\u021bii aerospa\u021biale \u0219i economist, cu peste 10 ani experien\u021b\u0103 practic\u0103 \u00een NDT \u0219i 10 ani \u00een management \u0219i finan\u021be. <\/p>\n\n\n\n<p style=\"margin-top:-10px\">Nivel 3 \u00een ET, RT, MT, PT \u0219i Nivel 2 \u00een UT.<\/p>\n\n\n\n<p><strong>Email:<\/strong> <a href=\"mailto:ac@aeroq-ndt.ro\" target=\"_blank\" rel=\"noreferrer noopener\">ac@aeroq-ndt.ro<\/a> <\/p>\n\n\n\n<p style=\"margin-top:-40px;margin-bottom:-10px\"><strong>Telefon:<\/strong> +40 722 895 963<\/p>\n<\/div>\n<\/div>\n\n\n\n<div class=\"wp-block-uagb-container uagb-block-a3f038c0 alignwide uagb-is-root-container\">\n<div class=\"wp-block-uagb-container uagb-block-66c812e8\">\n<h2 class=\"wp-block-heading\">Mircea Pavel<\/h2>\n\n\n\n<div class=\"wp-block-uagb-advanced-heading uagb-block-62c8ea09\"><h4 class=\"uagb-heading-text\">Director General<\/h4><\/div>\n\n\n\n<p style=\"margin-top:20px;margin-bottom:20px\">Mircea este fondatorul AEROQ-NDT \u0219i Director General din 2006. Este inginer cu peste 40 de ani de experien\u021b\u0103 \u00een domeniul test\u0103rilor non-distructive. <\/p>\n\n\n\n<p style=\"margin-top:-10px\">Certificat Nivel 3 \u00een RT \u0219i PT, Level 2 \u00een UT, MT \u0219i ET.<\/p>\n\n\n\n<p><strong>Email:<\/strong> <a href=\"mailto:ac@aeroq-ndt.ro\" target=\"_blank\" rel=\"noreferrer noopener\">mp@aeroq-ndt.ro<\/a> <\/p>\n\n\n\n<p style=\"margin-top:-40px;margin-bottom:-10px\"><strong>Telefon:<\/strong> +40 723 204 758<\/p>\n<\/div>\n\n\n\n<div class=\"wp-block-uagb-container uagb-block-65c32db1\">\n<figure class=\"wp-block-image size-full\"><img loading=\"lazy\" decoding=\"async\" width=\"2054\" height=\"2560\" src=\"https:\/\/aeroq-ndt.ro\/wp-content\/uploads\/2026\/05\/Mircea5_OK-scaled.jpg\" alt=\"\" class=\"wp-image-298\" style=\"aspect-ratio:3\/4;object-fit:cover\" srcset=\"https:\/\/aeroq-ndt.ro\/wp-content\/uploads\/2026\/05\/Mircea5_OK-scaled.jpg 2054w, https:\/\/aeroq-ndt.ro\/wp-content\/uploads\/2026\/05\/Mircea5_OK-241x300.jpg 241w, https:\/\/aeroq-ndt.ro\/wp-content\/uploads\/2026\/05\/Mircea5_OK-822x1024.jpg 822w, https:\/\/aeroq-ndt.ro\/wp-content\/uploads\/2026\/05\/Mircea5_OK-768x957.jpg 768w, https:\/\/aeroq-ndt.ro\/wp-content\/uploads\/2026\/05\/Mircea5_OK-1232x1536.jpg 1232w, https:\/\/aeroq-ndt.ro\/wp-content\/uploads\/2026\/05\/Mircea5_OK-1643x2048.jpg 1643w\" sizes=\"auto, (max-width: 2054px) 100vw, 2054px\" \/><\/figure>\n<\/div>\n<\/div>","protected":false},"excerpt":{"rendered":"<p>Anca Cojocaru Director Executiv Anca este Director Executiv din 2015 \u0219i Nivel 3 Responsabil al companiei. Este inginer de construc\u021bii [&hellip;]<\/p>\n","protected":false},"author":1,"featured_media":0,"parent":0,"menu_order":0,"comment_status":"closed","ping_status":"closed","template":"","meta":{"_uag_custom_page_level_css":"","site-sidebar-layout":"default","site-content-layout":"","ast-site-content-layout":"default","site-content-style":"default","site-sidebar-style":"default","ast-global-header-display":"","ast-banner-title-visibility":"","ast-main-header-display":"","ast-hfb-above-header-display":"","ast-hfb-below-header-display":"","ast-hfb-mobile-header-display":"","site-post-title":"disabled","ast-breadcrumbs-content":"","ast-featured-img":"","footer-sml-layout":"","ast-disable-related-posts":"","theme-transparent-header-meta":"","adv-header-id-meta":"","stick-header-meta":"","header-above-stick-meta":"","header-main-stick-meta":"","header-below-stick-meta":"","astra-migrate-meta-layouts":"default","ast-page-background-enabled":"default","ast-page-background-meta":{"desktop":{"background-color":"var(--ast-global-color-5)","background-image":"","background-repeat":"repeat","background-position":"center center","background-size":"auto","background-attachment":"scroll","background-type":"","background-media":"","overlay-type":"","overlay-color":"","overlay-opacity":"","overlay-gradient":""},"tablet":{"background-color":"","background-image":"","background-repeat":"repeat","background-position":"center center","background-size":"auto","background-attachment":"scroll","background-type":"","background-media":"","overlay-type":"","overlay-color":"","overlay-opacity":"","overlay-gradient":""},"mobile":{"background-color":"","background-image":"","background-repeat":"repeat","background-position":"center center","background-size":"auto","background-attachment":"scroll","background-type":"","background-media":"","overlay-type":"","overlay-color":"","overlay-opacity":"","overlay-gradient":""}},"ast-content-background-meta":{"desktop":{"background-color":"var(--ast-global-color-4)","background-image":"","background-repeat":"repeat","background-position":"center center","background-size":"auto","background-attachment":"scroll","background-type":"","background-media":"","overlay-type":"","overlay-color":"","overlay-opacity":"","overlay-gradient":""},"tablet":{"background-color":"var(--ast-global-color-4)","background-image":"","background-repeat":"repeat","background-position":"center center","background-size":"auto","background-attachment":"scroll","background-type":"","background-media":"","overlay-type":"","overlay-color":"","overlay-opacity":"","overlay-gradient":""},"mobile":{"background-color":"var(--ast-global-color-4)","background-image":"","background-repeat":"repeat","background-position":"center center","background-size":"auto","background-attachment":"scroll","background-type":"","background-media":"","overlay-type":"","overlay-color":"","overlay-opacity":"","overlay-gradient":""}},"footnotes":""},"class_list":["post-45","page","type-page","status-publish","hentry"],"uagb_featured_image_src":{"full":false,"thumbnail":false,"medium":false,"medium_large":false,"large":false,"1536x1536":false,"2048x2048":false,"trp-custom-language-flag":false},"uagb_author_info":{"display_name":"AncaCojocaru","author_link":"https:\/\/aeroq-ndt.ro\/en\/author\/ancacojocaru\/"},"uagb_comment_info":0,"uagb_excerpt":"Anca Cojocaru Director Executiv Anca este Director Executiv din 2015 \u0219i Nivel 3 Responsabil al companiei. Este inginer de construc\u021bii [&hellip;]","_links":{"self":[{"href":"https:\/\/aeroq-ndt.ro\/en\/wp-json\/wp\/v2\/pages\/45","targetHints":{"allow":["GET"]}}],"collection":[{"href":"https:\/\/aeroq-ndt.ro\/en\/wp-json\/wp\/v2\/pages"}],"about":[{"href":"https:\/\/aeroq-ndt.ro\/en\/wp-json\/wp\/v2\/types\/page"}],"author":[{"embeddable":true,"href":"https:\/\/aeroq-ndt.ro\/en\/wp-json\/wp\/v2\/users\/1"}],"replies":[{"embeddable":true,"href":"https:\/\/aeroq-ndt.ro\/en\/wp-json\/wp\/v2\/comments?post=45"}],"version-history":[{"count":0,"href":"https:\/\/aeroq-ndt.ro\/en\/wp-json\/wp\/v2\/pages\/45\/revisions"}],"wp:attachment":[{"href":"https:\/\/aeroq-ndt.ro\/en\/wp-json\/wp\/v2\/media?parent=45"}],"curies":[{"name":"wp","href":"https:\/\/api.w.org\/{rel}","templated":true}]}}