{"id":43,"date":"2026-05-15T20:36:10","date_gmt":"2026-05-15T17:36:10","guid":{"rendered":"https:\/\/aeroq-ndt.ro\/?page_id=43"},"modified":"2026-05-16T20:53:22","modified_gmt":"2026-05-16T17:53:22","slug":"consultanta","status":"publish","type":"page","link":"https:\/\/aeroq-ndt.ro\/en\/consultanta\/","title":{"rendered":"Consultan\u021b\u0103 Nivel 3"},"content":{"rendered":"<div class=\"wp-block-cover has-large-font-size\" style=\"min-height:700px;aspect-ratio:unset;\"><img loading=\"lazy\" decoding=\"async\" width=\"1024\" height=\"683\" class=\"wp-block-cover__image-background wp-image-261 size-large\" alt=\"\" src=\"https:\/\/aeroq-ndt.ro\/wp-content\/uploads\/2026\/05\/Consultanta-1024x683.jpg\" data-object-fit=\"cover\" srcset=\"https:\/\/aeroq-ndt.ro\/wp-content\/uploads\/2026\/05\/Consultanta-1024x683.jpg 1024w, https:\/\/aeroq-ndt.ro\/wp-content\/uploads\/2026\/05\/Consultanta-300x200.jpg 300w, https:\/\/aeroq-ndt.ro\/wp-content\/uploads\/2026\/05\/Consultanta-768x512.jpg 768w, https:\/\/aeroq-ndt.ro\/wp-content\/uploads\/2026\/05\/Consultanta.jpg 1248w\" sizes=\"auto, (max-width: 1024px) 100vw, 1024px\" \/><span aria-hidden=\"true\" class=\"wp-block-cover__background has-ast-global-color-2-background-color has-background-dim-60 has-background-dim\"><\/span><div class=\"wp-block-cover__inner-container is-layout-constrained wp-block-cover-is-layout-constrained\">\n<p class=\"has-text-align-center has-ast-global-color-4-color has-text-color has-link-color has-large-font-size wp-elements-31aa492378b6f9a978483b4df0dcd8cd\">Consultan\u021b\u0103 Nivel 3 NDT<\/p>\n\n\n\n<div class=\"wp-block-buttons is-content-justification-center is-layout-flex wp-container-core-buttons-is-layout-a89b3969 wp-block-buttons-is-layout-flex\">\n<div class=\"wp-block-button\"><a class=\"wp-block-button__link wp-element-button\" href=\"#Echipa3\">Servicii<\/a><\/div>\n\n\n\n<div class=\"wp-block-button\"><a class=\"wp-block-button__link wp-element-button\" href=\"https:\/\/aeroq-ndt.ro\/en\/contact\/\">Contact<\/a><\/div>\n<\/div>\n<\/div><\/div>\n\n\n\n<h2 class=\"wp-block-heading has-text-align-center\" style=\"margin-top:50px;margin-bottom:50px\">Organizare \u0219i management pentru laboratoare NDT<\/h2>\n\n\n\n<div class=\"wp-block-uagb-container uagb-block-10b9655f alignwide uagb-is-root-container\">\n<h4 class=\"wp-block-heading\" id=\"Echipa3\"><strong>Echip\u0103 Experimentat\u0103<\/strong><\/h4>\n\n\n\n<p style=\"margin-top:-20px\">Speciali\u0219ti Level 3 \u00een RT, PT, ET, MT \u0219i UT cu 10-40 de ani experien\u021b\u0103.<\/p>\n\n\n\n<h4 class=\"wp-block-heading\"><strong>Suport Procedural<\/strong><\/h4>\n\n\n\n<ul style=\"margin-top:-20px\" class=\"wp-block-list\">\n<li>Alegerea metodelor \u0219i tehnicilor optime conform standardelor \u0219i cerin\u021belor clientului<\/li>\n\n\n\n<li>Elaborarea procedurilor \u0219i instruc\u021biunilor de lucru<\/li>\n<\/ul>\n\n\n\n<h4 class=\"wp-block-heading\"><strong>Selec\u021bie Echipamente<\/strong><\/h4>\n\n\n\n<ul style=\"margin-top:-20px\" class=\"wp-block-list\">\n<li>Consultan\u021b\u0103 pentru alegerea echipamentelor potrivite<\/li>\n\n\n\n<li>Planificare optim\u0103 a layout-ului laboratorului<\/li>\n<\/ul>\n\n\n\n<h4 class=\"wp-block-heading\"><strong>Managementul Personalului<\/strong><\/h4>\n\n\n\n<ul class=\"wp-block-list\">\n<li style=\"margin-top:-20px\">Calificare ini\u021bial\u0103, supraveghere practic\u0103 \u0219i instruire anual\u0103<\/li>\n\n\n\n<li>Conform EN 4179 \/ NAS 410<\/li>\n<\/ul>\n\n\n\n<h4 class=\"wp-block-heading\"><strong>Audituri<\/strong><\/h4>\n\n\n\n<ul style=\"margin-top:-20px\" class=\"wp-block-list\">\n<li>Audituri de conformitate EN 4179 \/ NAS 410 cu auditor autorizat de Autoritatea Aeronautic\u0103 Civil\u0103 Rom\u00e2n\u0103<\/li>\n\n\n\n<li>Suport pentru acreditare NADCAP \u0219i alte organisme na\u021bionale\/interna\u021bionale<\/li>\n<\/ul>\n\n\n\n<div class=\"wp-block-buttons is-content-justification-center is-layout-flex wp-container-core-buttons-is-layout-a89b3969 wp-block-buttons-is-layout-flex\">\n<div class=\"wp-block-button\"><a class=\"wp-block-button__link wp-element-button\" href=\"https:\/\/aeroq-ndt.ro\/en\/contact\/\">Contacteaz\u0103-ne pentru informa\u021bii suplimentare<\/a><\/div>\n<\/div>\n<\/div>","protected":false},"excerpt":{"rendered":"<p>Organizare \u0219i management pentru laboratoare NDT Echip\u0103 Experimentat\u0103 Speciali\u0219ti Level 3 \u00een RT, PT, ET, MT \u0219i UT cu 10-40 [&hellip;]<\/p>\n","protected":false},"author":1,"featured_media":0,"parent":0,"menu_order":0,"comment_status":"closed","ping_status":"closed","template":"","meta":{"_uag_custom_page_level_css":"","site-sidebar-layout":"default","site-content-layout":"","ast-site-content-layout":"default","site-content-style":"default","site-sidebar-style":"default","ast-global-header-display":"","ast-banner-title-visibility":"","ast-main-header-display":"","ast-hfb-above-header-display":"","ast-hfb-below-header-display":"","ast-hfb-mobile-header-display":"","site-post-title":"disabled","ast-breadcrumbs-content":"","ast-featured-img":"","footer-sml-layout":"","ast-disable-related-posts":"","theme-transparent-header-meta":"","adv-header-id-meta":"","stick-header-meta":"","header-above-stick-meta":"","header-main-stick-meta":"","header-below-stick-meta":"","astra-migrate-meta-layouts":"default","ast-page-background-enabled":"default","ast-page-background-meta":{"desktop":{"background-color":"var(--ast-global-color-5)","background-image":"","background-repeat":"repeat","background-position":"center center","background-size":"auto","background-attachment":"scroll","background-type":"","background-media":"","overlay-type":"","overlay-color":"","overlay-opacity":"","overlay-gradient":""},"tablet":{"background-color":"","background-image":"","background-repeat":"repeat","background-position":"center center","background-size":"auto","background-attachment":"scroll","background-type":"","background-media":"","overlay-type":"","overlay-color":"","overlay-opacity":"","overlay-gradient":""},"mobile":{"background-color":"","background-image":"","background-repeat":"repeat","background-position":"center center","background-size":"auto","background-attachment":"scroll","background-type":"","background-media":"","overlay-type":"","overlay-color":"","overlay-opacity":"","overlay-gradient":""}},"ast-content-background-meta":{"desktop":{"background-color":"var(--ast-global-color-4)","background-image":"","background-repeat":"repeat","background-position":"center center","background-size":"auto","background-attachment":"scroll","background-type":"","background-media":"","overlay-type":"","overlay-color":"","overlay-opacity":"","overlay-gradient":""},"tablet":{"background-color":"var(--ast-global-color-4)","background-image":"","background-repeat":"repeat","background-position":"center center","background-size":"auto","background-attachment":"scroll","background-type":"","background-media":"","overlay-type":"","overlay-color":"","overlay-opacity":"","overlay-gradient":""},"mobile":{"background-color":"var(--ast-global-color-4)","background-image":"","background-repeat":"repeat","background-position":"center center","background-size":"auto","background-attachment":"scroll","background-type":"","background-media":"","overlay-type":"","overlay-color":"","overlay-opacity":"","overlay-gradient":""}},"footnotes":""},"class_list":["post-43","page","type-page","status-publish","hentry"],"uagb_featured_image_src":{"full":false,"thumbnail":false,"medium":false,"medium_large":false,"large":false,"1536x1536":false,"2048x2048":false,"trp-custom-language-flag":false},"uagb_author_info":{"display_name":"AncaCojocaru","author_link":"https:\/\/aeroq-ndt.ro\/en\/author\/ancacojocaru\/"},"uagb_comment_info":0,"uagb_excerpt":"Organizare \u0219i management pentru laboratoare NDT Echip\u0103 Experimentat\u0103 Speciali\u0219ti Level 3 \u00een RT, PT, ET, MT \u0219i UT cu 10-40 [&hellip;]","_links":{"self":[{"href":"https:\/\/aeroq-ndt.ro\/en\/wp-json\/wp\/v2\/pages\/43","targetHints":{"allow":["GET"]}}],"collection":[{"href":"https:\/\/aeroq-ndt.ro\/en\/wp-json\/wp\/v2\/pages"}],"about":[{"href":"https:\/\/aeroq-ndt.ro\/en\/wp-json\/wp\/v2\/types\/page"}],"author":[{"embeddable":true,"href":"https:\/\/aeroq-ndt.ro\/en\/wp-json\/wp\/v2\/users\/1"}],"replies":[{"embeddable":true,"href":"https:\/\/aeroq-ndt.ro\/en\/wp-json\/wp\/v2\/comments?post=43"}],"version-history":[{"count":0,"href":"https:\/\/aeroq-ndt.ro\/en\/wp-json\/wp\/v2\/pages\/43\/revisions"}],"wp:attachment":[{"href":"https:\/\/aeroq-ndt.ro\/en\/wp-json\/wp\/v2\/media?parent=43"}],"curies":[{"name":"wp","href":"https:\/\/api.w.org\/{rel}","templated":true}]}}