{"id":41,"date":"2026-05-15T20:35:47","date_gmt":"2026-05-15T17:35:47","guid":{"rendered":"https:\/\/aeroq-ndt.ro\/?page_id=41"},"modified":"2026-05-16T21:12:32","modified_gmt":"2026-05-16T18:12:32","slug":"centru-de-instruire","status":"publish","type":"page","link":"https:\/\/aeroq-ndt.ro\/en\/centru-de-instruire\/","title":{"rendered":"Centru de instruire"},"content":{"rendered":"<div class=\"wp-block-cover\" style=\"min-height:700px;aspect-ratio:unset;\"><img loading=\"lazy\" decoding=\"async\" width=\"1024\" height=\"683\" class=\"wp-block-cover__image-background wp-image-387 size-large\" alt=\"\" src=\"https:\/\/aeroq-ndt.ro\/wp-content\/uploads\/2026\/05\/jqA0w-1024x683.jpg\" data-object-fit=\"cover\" srcset=\"https:\/\/aeroq-ndt.ro\/wp-content\/uploads\/2026\/05\/jqA0w-1024x683.jpg 1024w, https:\/\/aeroq-ndt.ro\/wp-content\/uploads\/2026\/05\/jqA0w-300x200.jpg 300w, https:\/\/aeroq-ndt.ro\/wp-content\/uploads\/2026\/05\/jqA0w-768x512.jpg 768w, https:\/\/aeroq-ndt.ro\/wp-content\/uploads\/2026\/05\/jqA0w.jpg 1248w\" sizes=\"auto, (max-width: 1024px) 100vw, 1024px\" \/><span aria-hidden=\"true\" class=\"wp-block-cover__background has-ast-global-color-8-background-color has-background-dim-70 has-background-dim\"><\/span><div class=\"wp-block-cover__inner-container is-layout-constrained wp-block-cover-is-layout-constrained\">\n<p><\/p>\n\n\n\n<div class=\"wp-block-uagb-advanced-heading uagb-block-ed915c85\"><h1 class=\"uagb-heading-text\">Centru de instruire \u0219i examinare NDT<\/h1><\/div>\n\n\n\n<div class=\"wp-block-uagb-advanced-heading uagb-block-87886e37\"><h1 class=\"uagb-heading-text\">Partenerul nostru, NDT DYNAMICS<\/h1><\/div>\n\n\n\n<div class=\"wp-block-buttons is-content-justification-center is-layout-flex wp-container-core-buttons-is-layout-a89b3969 wp-block-buttons-is-layout-flex\">\n<div class=\"wp-block-button\"><a class=\"wp-block-button__link wp-element-button\" href=\"#ndtdyn\">Afl\u0103 mai multe<\/a><\/div>\n\n\n\n<div class=\"wp-block-button\"><a class=\"wp-block-button__link wp-element-button\" href=\"https:\/\/ndt-dynamics.ro\">Mergi la NDT DYNAMICS<\/a><\/div>\n<\/div>\n<\/div><\/div>\n\n\n\n<div class=\"wp-block-uagb-advanced-heading uagb-block-157e573e\"><h2 class=\"uagb-heading-text\">Despre NDT DYNAMICS<\/h2><\/div>\n\n\n\n<div class=\"wp-block-uagb-container uagb-block-b13ed36d alignwide uagb-is-root-container\">\n<div class=\"wp-block-uagb-container uagb-block-80ce0e9f\">\n<figure class=\"wp-block-image size-large\"><img decoding=\"async\" src=\"https:\/\/aeroq-ndt.ro\/wp-content\/uploads\/2026\/05\/Certificari-1024x683.jpg\" alt=\"\" class=\"wp-image-325\" style=\"aspect-ratio:4\/3;object-fit:cover\"\/><\/figure>\n\n\n\n<div class=\"wp-block-uagb-advanced-heading uagb-block-8ea37938\"><h3 class=\"uagb-heading-text\">Certificare<\/h3><\/div>\n\n\n\n<ul class=\"wp-block-list\">\n<li><a href=\"https:\/\/nandtb.ro\/centru-de-instruire\/\">Autorizat oficial de RO-NANDTB<\/a> conform standardelor EN 4179\/NAS 410<\/li>\n\n\n\n<li>NDT DYNAMICS ofer\u0103 programe de calificare de top pentru industria aeronautic\u0103<\/li>\n<\/ul>\n<\/div>\n\n\n\n<div class=\"wp-block-uagb-container uagb-block-adb45a3a\">\n<figure class=\"wp-block-image size-large\"><img loading=\"lazy\" decoding=\"async\" width=\"1024\" height=\"683\" src=\"https:\/\/aeroq-ndt.ro\/wp-content\/uploads\/2026\/05\/6ATPR-1024x683.jpg\" alt=\"\" class=\"wp-image-328\" style=\"aspect-ratio:4\/3;object-fit:cover\" srcset=\"https:\/\/aeroq-ndt.ro\/wp-content\/uploads\/2026\/05\/6ATPR-1024x683.jpg 1024w, https:\/\/aeroq-ndt.ro\/wp-content\/uploads\/2026\/05\/6ATPR-300x200.jpg 300w, https:\/\/aeroq-ndt.ro\/wp-content\/uploads\/2026\/05\/6ATPR-768x512.jpg 768w, https:\/\/aeroq-ndt.ro\/wp-content\/uploads\/2026\/05\/6ATPR.jpg 1248w\" sizes=\"auto, (max-width: 1024px) 100vw, 1024px\" \/><\/figure>\n\n\n\n<div class=\"wp-block-uagb-advanced-heading uagb-block-d8a39ef3\"><h3 class=\"uagb-heading-text\">Cursuri<\/h3><\/div>\n\n\n\n<ul class=\"wp-block-list\">\n<li>Cursuri captivante \u0219i interactive pentru Nivelurile 1, 2 \u0219i 3 conform EN 4179\/ NAS 410<\/li>\n\n\n\n<li>Toate metodele principale: ET, UT, PT, MT, RT<\/li>\n<\/ul>\n<\/div>\n\n\n\n<div id=\"ndtdyn\" class=\"wp-block-uagb-container uagb-block-62dd004e\">\n<figure class=\"wp-block-image size-large has-custom-border\"><img loading=\"lazy\" decoding=\"async\" width=\"1024\" height=\"638\" src=\"https:\/\/aeroq-ndt.ro\/wp-content\/uploads\/2026\/05\/Logo-NDT-DYN-LAO-vert-1024x638.png\" alt=\"\" class=\"has-border-color has-cyan-bluish-gray-border-color wp-image-343\" style=\"border-width:1px;aspect-ratio:4\/3;object-fit:contain\" srcset=\"https:\/\/aeroq-ndt.ro\/wp-content\/uploads\/2026\/05\/Logo-NDT-DYN-LAO-vert-1024x638.png 1024w, https:\/\/aeroq-ndt.ro\/wp-content\/uploads\/2026\/05\/Logo-NDT-DYN-LAO-vert-300x187.png 300w, https:\/\/aeroq-ndt.ro\/wp-content\/uploads\/2026\/05\/Logo-NDT-DYN-LAO-vert-768x479.png 768w, https:\/\/aeroq-ndt.ro\/wp-content\/uploads\/2026\/05\/Logo-NDT-DYN-LAO-vert.png 1205w\" sizes=\"auto, (max-width: 1024px) 100vw, 1024px\" \/><\/figure>\n\n\n\n<div class=\"wp-block-uagb-advanced-heading uagb-block-a46274d2\"><h3 class=\"uagb-heading-text\">De ce noi?<\/h3><\/div>\n\n\n\n<ul class=\"wp-block-list\">\n<li>Grupe mici (de la 1 cursant)<\/li>\n\n\n\n<li>Instructori Nivel 3 cu experien\u021b\u0103 vast\u0103 \u00een industrie<\/li>\n\n\n\n<li>Flexibilitate total\u0103: Cursuri la cerere, cu prezen\u021b\u0103 fizic\u0103, online sau hibrid<\/li>\n\n\n\n<li>Certificate recunoscute interna\u021bional<\/li>\n<\/ul>\n<\/div>\n<\/div>\n\n\n\n<div class=\"wp-block-buttons is-content-justification-center is-layout-flex wp-container-core-buttons-is-layout-7971fd2d wp-block-buttons-is-layout-flex\" style=\"margin-top:50px;margin-bottom:100px\">\n<div class=\"wp-block-button\"><a class=\"wp-block-button__link wp-element-button\" href=\"https:\/\/ndt-dynamics.ro\">Mergi la  NDT DYNAMICS<\/a><\/div>\n<\/div>\n\n\n\n<p><\/p>","protected":false},"excerpt":{"rendered":"<p>Despre NDT DYNAMICS Certificare Cursuri De ce noi?<\/p>","protected":false},"author":1,"featured_media":0,"parent":0,"menu_order":0,"comment_status":"closed","ping_status":"closed","template":"","meta":{"_uag_custom_page_level_css":"","site-sidebar-layout":"default","site-content-layout":"","ast-site-content-layout":"default","site-content-style":"default","site-sidebar-style":"default","ast-global-header-display":"","ast-banner-title-visibility":"","ast-main-header-display":"","ast-hfb-above-header-display":"","ast-hfb-below-header-display":"","ast-hfb-mobile-header-display":"","site-post-title":"disabled","ast-breadcrumbs-content":"","ast-featured-img":"","footer-sml-layout":"","ast-disable-related-posts":"","theme-transparent-header-meta":"","adv-header-id-meta":"","stick-header-meta":"","header-above-stick-meta":"","header-main-stick-meta":"","header-below-stick-meta":"","astra-migrate-meta-layouts":"default","ast-page-background-enabled":"default","ast-page-background-meta":{"desktop":{"background-color":"var(--ast-global-color-5)","background-image":"","background-repeat":"repeat","background-position":"center center","background-size":"auto","background-attachment":"scroll","background-type":"","background-media":"","overlay-type":"","overlay-color":"","overlay-opacity":"","overlay-gradient":""},"tablet":{"background-color":"","background-image":"","background-repeat":"repeat","background-position":"center center","background-size":"auto","background-attachment":"scroll","background-type":"","background-media":"","overlay-type":"","overlay-color":"","overlay-opacity":"","overlay-gradient":""},"mobile":{"background-color":"","background-image":"","background-repeat":"repeat","background-position":"center center","background-size":"auto","background-attachment":"scroll","background-type":"","background-media":"","overlay-type":"","overlay-color":"","overlay-opacity":"","overlay-gradient":""}},"ast-content-background-meta":{"desktop":{"background-color":"var(--ast-global-color-4)","background-image":"","background-repeat":"repeat","background-position":"center center","background-size":"auto","background-attachment":"scroll","background-type":"","background-media":"","overlay-type":"","overlay-color":"","overlay-opacity":"","overlay-gradient":""},"tablet":{"background-color":"var(--ast-global-color-4)","background-image":"","background-repeat":"repeat","background-position":"center center","background-size":"auto","background-attachment":"scroll","background-type":"","background-media":"","overlay-type":"","overlay-color":"","overlay-opacity":"","overlay-gradient":""},"mobile":{"background-color":"var(--ast-global-color-4)","background-image":"","background-repeat":"repeat","background-position":"center center","background-size":"auto","background-attachment":"scroll","background-type":"","background-media":"","overlay-type":"","overlay-color":"","overlay-opacity":"","overlay-gradient":""}},"footnotes":""},"class_list":["post-41","page","type-page","status-publish","hentry"],"uagb_featured_image_src":{"full":false,"thumbnail":false,"medium":false,"medium_large":false,"large":false,"1536x1536":false,"2048x2048":false,"trp-custom-language-flag":false},"uagb_author_info":{"display_name":"AncaCojocaru","author_link":"https:\/\/aeroq-ndt.ro\/en\/author\/ancacojocaru\/"},"uagb_comment_info":0,"uagb_excerpt":"Despre NDT DYNAMICS Certificare Cursuri De ce noi?","_links":{"self":[{"href":"https:\/\/aeroq-ndt.ro\/en\/wp-json\/wp\/v2\/pages\/41","targetHints":{"allow":["GET"]}}],"collection":[{"href":"https:\/\/aeroq-ndt.ro\/en\/wp-json\/wp\/v2\/pages"}],"about":[{"href":"https:\/\/aeroq-ndt.ro\/en\/wp-json\/wp\/v2\/types\/page"}],"author":[{"embeddable":true,"href":"https:\/\/aeroq-ndt.ro\/en\/wp-json\/wp\/v2\/users\/1"}],"replies":[{"embeddable":true,"href":"https:\/\/aeroq-ndt.ro\/en\/wp-json\/wp\/v2\/comments?post=41"}],"version-history":[{"count":0,"href":"https:\/\/aeroq-ndt.ro\/en\/wp-json\/wp\/v2\/pages\/41\/revisions"}],"wp:attachment":[{"href":"https:\/\/aeroq-ndt.ro\/en\/wp-json\/wp\/v2\/media?parent=41"}],"curies":[{"name":"wp","href":"https:\/\/api.w.org\/{rel}","templated":true}]}}